{"id":6,"date":"2018-11-17T17:57:02","date_gmt":"2018-11-17T17:57:02","guid":{"rendered":"https:\/\/astrogarrotxa.wordpress.com\/?page_id=2"},"modified":"2025-09-12T22:07:58","modified_gmt":"2025-09-12T20:07:58","slug":"acerca-de","status":"publish","type":"page","link":"https:\/\/www.astrogarrotxa.cat\/?page_id=6","title":{"rendered":"Qui soms"},"content":{"rendered":"<h1 style=\"text-align: center;\"><img loading=\"lazy\" decoding=\"async\" class=\"alignnone size-medium wp-image-19\" src=\"https:\/\/astrogarrotxa.files.wordpress.com\/2018\/11\/foto-batet.jpg?w=300\" alt=\"\" width=\"300\" height=\"200\" srcset=\"https:\/\/www.astrogarrotxa.cat\/wp-content\/uploads\/2018\/11\/foto-batet.jpg 500w, https:\/\/www.astrogarrotxa.cat\/wp-content\/uploads\/2018\/11\/foto-batet-300x200.jpg 300w, https:\/\/www.astrogarrotxa.cat\/wp-content\/uploads\/2018\/11\/foto-batet-450x300.jpg 450w\" sizes=\"(max-width: 300px) 100vw, 300px\" \/><\/h1>\n<h1 style=\"text-align: center;\">HIST\u00d2RIA<\/h1>\n<p>En la \u00faltima visita del <strong>Cometa Halley<\/strong> (1986), i sense con\u00e8ixer-nos pr\u00e8viament aquesta afici\u00f3, alguns de nosaltres ens v\u00e0rem trobar per casualitat en un camp de Batet de la Serra, per a poder enfocar el telescopi a aquest fam\u00f3s objecte que ens visita cada 75 anys. D&#8217;aquesta manera es va iniciar la reuni\u00f3 dels primers aficionats a l&#8217;Astronomia a La Garrotxa.<\/p>\n<p>A partir de llavors, i al llarg dels anys, ens hem pogut establir com a <strong>Associaci\u00f3 Astron\u00f2mica de la Garrotxa<\/strong>, hem pogut tenir un <strong>Observatori a Batet de la Serra<\/strong>, en el qual hi ha instal\u00b7lat el nostre <strong>Telescopi Celestron C14<\/strong>, hem ofert <strong>cursets d&#8217;iniciaci\u00f3<\/strong>, hem fet <strong>visites i observacions per a les escoles i per al p\u00fablic en general<\/strong>, de manera que hem anat acollint d&#8217;altres persones amb el prop\u00f2sit de passar-ho b\u00e9 i divulgar aquesta ci\u00e8ncia.<\/p>\n<p style=\"text-align: center;\"><strong>MEMBRES ACTUALS D&#8217;ASTROGARROTXA<\/strong><\/p>\n<ul>\n<li>Francesc Arb\u00f3s Bellapart<\/li>\n<li>Toni Bach<\/li>\n<li>Melci\u00f3 Badosa<\/li>\n<li>Adri\u00e0 Basseganyes Colom<\/li>\n<li>Llu\u00eds Batlle<\/li>\n<li>Nil Bernal<\/li>\n<li>Laura Cagnetta<\/li>\n<li>Francesc Canalias<\/li>\n<li>Miquel Canut<\/li>\n<li>Quim Casas<\/li>\n<li>Xavier Coromina Giol (<strong>Tresorer)<\/strong><\/li>\n<li>Esteve Cort\u00e9s<\/li>\n<li>Francesc Espu\u00f1a<\/li>\n<li>Jordi Esquerr\u00e0\u00a0(<strong>President<\/strong>)<\/li>\n<li>Jaume Feixas<\/li>\n<li>Carles Gil Coromina<\/li>\n<li>Toni Linares<\/li>\n<li>Marc Monells<\/li>\n<li>David R\u00e0fols Pel\u00e0ez (<strong>Secretari<\/strong>)<\/li>\n<li>Sanjot Singh<\/li>\n<li>Jaume Sol\u00e0<\/li>\n<li>David Soler Cur\u00f3s<\/li>\n<li>Joan Terricabras<\/li>\n<li>Joan Torres<\/li>\n<li>Richard Wijnands<\/li>\n<\/ul>\n","protected":false},"excerpt":{"rendered":"<p>HIST\u00d2RIA En la \u00faltima visita del Cometa Halley (1986), i sense con\u00e8ixer-nos pr\u00e8viament aquesta afici\u00f3, alguns de nosaltres ens v\u00e0rem trobar per casualitat en un camp de Batet de la Serra, per a poder enfocar el telescopi a aquest fam\u00f3s objecte que ens visita cada 75 anys. D&#8217;aquesta manera es va iniciar la reuni\u00f3 dels [&hellip;]<\/p>\n","protected":false},"author":2,"featured_media":0,"parent":0,"menu_order":1,"comment_status":"closed","ping_status":"closed","template":"","meta":{"footnotes":""},"class_list":["post-6","page","type-page","status-publish","hentry"],"_links":{"self":[{"href":"https:\/\/www.astrogarrotxa.cat\/index.php?rest_route=\/wp\/v2\/pages\/6"}],"collection":[{"href":"https:\/\/www.astrogarrotxa.cat\/index.php?rest_route=\/wp\/v2\/pages"}],"about":[{"href":"https:\/\/www.astrogarrotxa.cat\/index.php?rest_route=\/wp\/v2\/types\/page"}],"author":[{"embeddable":true,"href":"https:\/\/www.astrogarrotxa.cat\/index.php?rest_route=\/wp\/v2\/users\/2"}],"replies":[{"embeddable":true,"href":"https:\/\/www.astrogarrotxa.cat\/index.php?rest_route=%2Fwp%2Fv2%2Fcomments&post=6"}],"version-history":[{"count":7,"href":"https:\/\/www.astrogarrotxa.cat\/index.php?rest_route=\/wp\/v2\/pages\/6\/revisions"}],"predecessor-version":[{"id":1152,"href":"https:\/\/www.astrogarrotxa.cat\/index.php?rest_route=\/wp\/v2\/pages\/6\/revisions\/1152"}],"wp:attachment":[{"href":"https:\/\/www.astrogarrotxa.cat\/index.php?rest_route=%2Fwp%2Fv2%2Fmedia&parent=6"}],"curies":[{"name":"wp","href":"https:\/\/api.w.org\/{rel}","templated":true}]}}