{"id":58,"date":"2018-11-17T23:15:54","date_gmt":"2018-11-17T22:15:54","guid":{"rendered":"https:\/\/astrogarrotxa.wordpress.com\/?page_id=58"},"modified":"2018-11-17T23:15:54","modified_gmt":"2018-11-17T22:15:54","slug":"associats","status":"publish","type":"page","link":"https:\/\/www.astrogarrotxa.cat\/?page_id=58","title":{"rendered":"Fotos Associats"},"content":{"rendered":"<p><b>Fotografies\u00a0 realitzades per membres d&#8217;astrogarrotxa<\/b><\/p>\n<div align=\"center\">\n<p><img decoding=\"async\" src=\"https:\/\/www.astrogarrotxa.cat\/Dades\/Imatges\/Entorn\/Oriong.jpg\" alt=\"Nebolosa Orion\" \/><\/p>\n<table border=\"1\" width=\"10\" cellspacing=\"0\" cellpadding=\"0\">\n<tbody>\n<tr>\n<td style=\"text-align:center;\">M42. Gran Nebulosa d&#8217;Ori\u00f3<\/td>\n<\/tr>\n<\/tbody>\n<\/table>\n<\/div>\n<div align=\"center\">\n<table border=\"1\" width=\"10\" cellspacing=\"0\" cellpadding=\"0\">\n<tbody>\n<tr>\n<td><a href=\"https:\/\/www.astrogarrotxa.cat\/?A=292128708#\"><img loading=\"lazy\" decoding=\"async\" class=\"\" src=\"https:\/\/www.astrogarrotxa.cat\/Dades\/Imatges\/Entorn\/Andromedag.jpg\" alt=\"Galaxia Andromeda\" width=\"539\" height=\"363\" border=\"0\" \/><\/a><\/td>\n<\/tr>\n<\/tbody>\n<\/table>\n<p>M31. Gal\u00e0xia d&#8217;Andromeda<\/p>\n<\/div>\n<div align=\"center\">\n<table border=\"1\" width=\"10\" cellspacing=\"0\" cellpadding=\"0\">\n<tbody>\n<tr>\n<td><a href=\"https:\/\/www.astrogarrotxa.cat\/?A=292128708#\"><img loading=\"lazy\" decoding=\"async\" class=\"\" src=\"https:\/\/www.astrogarrotxa.cat\/Dades\/Imatges\/Entorn\/Triangleg.jpg\" alt=\"Galaxia Triangle\" width=\"528\" height=\"356\" border=\"0\" \/><\/a><\/td>\n<\/tr>\n<\/tbody>\n<\/table>\n<p>M33. Gal\u00e0xia del Triangle<\/p>\n<\/div>\n<div align=\"center\">\n<table border=\"1\" width=\"10\" cellspacing=\"0\" cellpadding=\"0\">\n<tbody>\n<tr>\n<td><a href=\"https:\/\/www.astrogarrotxa.cat\/?A=292128708#\"><img loading=\"lazy\" decoding=\"async\" class=\"\" src=\"https:\/\/www.astrogarrotxa.cat\/Dades\/Imatges\/Entorn\/CapdeCaballg.jpg\" alt=\"Cap de Caball\" width=\"534\" height=\"360\" border=\"0\" \/><\/a><\/td>\n<\/tr>\n<\/tbody>\n<\/table>\n<p>Nebulosa del Cap de Cavall (Ori\u00f3)<\/p>\n<\/div>\n<div align=\"center\">\n<table border=\"1\" width=\"10\" cellspacing=\"0\" cellpadding=\"0\">\n<tbody>\n<tr>\n<td><a href=\"https:\/\/www.astrogarrotxa.cat\/?A=292128708#\"><img loading=\"lazy\" decoding=\"async\" class=\"\" src=\"https:\/\/www.astrogarrotxa.cat\/Dades\/Imatges\/Entorn\/CometaMacccolsg.jpg\" alt=\"Cometa Macchols\" width=\"586\" height=\"471\" border=\"0\" \/><\/a><\/td>\n<\/tr>\n<\/tbody>\n<\/table>\n<p>Cometa Macchols<\/p>\n<\/div>\n<div align=\"center\">\n<table border=\"1\" width=\"10\" cellspacing=\"0\" cellpadding=\"0\">\n<tbody>\n<tr>\n<td><a href=\"https:\/\/www.astrogarrotxa.cat\/?A=292128708#\"><img loading=\"lazy\" decoding=\"async\" class=\"\" src=\"https:\/\/www.astrogarrotxa.cat\/Dades\/Imatges\/Entorn\/M1g.jpg\" alt=\"Nebolosa del Cranc\" width=\"593\" height=\"399\" border=\"0\" \/><\/a><\/td>\n<\/tr>\n<\/tbody>\n<\/table>\n<p>M1. Nebulosa del Cranc (Taure)<\/p>\n<\/div>\n<div align=\"center\">\n<table border=\"1\" width=\"10\" cellspacing=\"0\" cellpadding=\"0\">\n<tbody>\n<tr>\n<td><a href=\"https:\/\/www.astrogarrotxa.cat\/?A=292128708#\"><img loading=\"lazy\" decoding=\"async\" class=\"\" src=\"https:\/\/www.astrogarrotxa.cat\/Dades\/Imatges\/Entorn\/DobleCumulg.jpg\" alt=\"Doble C\u00famul Perseus\" width=\"581\" height=\"391\" border=\"0\" \/><\/a><\/td>\n<\/tr>\n<\/tbody>\n<\/table>\n<p>Doble C\u00famul Perseu<\/p>\n<\/div>\n<div align=\"center\">\n<table border=\"1\" width=\"10\" cellspacing=\"0\" cellpadding=\"0\">\n<tbody>\n<tr>\n<td><a href=\"https:\/\/www.astrogarrotxa.cat\/?A=292128708#\"><img loading=\"lazy\" decoding=\"async\" class=\"\" src=\"https:\/\/www.astrogarrotxa.cat\/Dades\/Imatges\/Entorn\/M37g.jpg\" alt=\"M37 Auriga\" width=\"614\" height=\"413\" border=\"0\" \/><\/a><\/td>\n<\/tr>\n<\/tbody>\n<\/table>\n<p>M37 C\u00famul Obert (Auriga)<\/p>\n<\/div>\n<div align=\"center\">\n<table border=\"1\" width=\"10\" cellspacing=\"0\" cellpadding=\"0\">\n<tbody>\n<tr>\n<td><a href=\"https:\/\/www.astrogarrotxa.cat\/?A=292128708#\"><img loading=\"lazy\" decoding=\"async\" class=\"\" src=\"https:\/\/www.astrogarrotxa.cat\/Dades\/Imatges\/Entorn\/Claviusg.jpg\" alt=\"Clavius, crater lluna\" width=\"556\" height=\"420\" border=\"0\" \/><\/a><\/td>\n<\/tr>\n<\/tbody>\n<\/table>\n<p>Clavius, crater lluna<\/p>\n<\/div>\n<div align=\"center\">\n<table border=\"1\" width=\"10\" cellspacing=\"0\" cellpadding=\"0\">\n<tbody>\n<tr>\n<td><a href=\"https:\/\/www.astrogarrotxa.cat\/?A=292128708#\"><img loading=\"lazy\" decoding=\"async\" class=\"\" src=\"https:\/\/www.astrogarrotxa.cat\/Dades\/Imatges\/Entorn\/CopernicusG.jpg\" alt=\"Copernicus, crater lluna\" width=\"556\" height=\"420\" border=\"0\" \/><\/a><\/td>\n<\/tr>\n<\/tbody>\n<\/table>\n<p>Copernicus, crater lluna<\/p>\n<\/div>\n<div align=\"center\">\n<table class=\"aligncenter\" border=\"1\" width=\"10\" cellspacing=\"0\" cellpadding=\"0\">\n<tbody>\n<tr>\n<td><a href=\"https:\/\/www.astrogarrotxa.cat\/?A=292128708#\"><img loading=\"lazy\" decoding=\"async\" class=\"alignnone\" src=\"https:\/\/www.astrogarrotxa.cat\/Dades\/Imatges\/Entorn\/LLuna6g.jpg\" alt=\"Te\u00f3filo Cirilus i Caterina\" width=\"369\" height=\"549\" border=\"0\" \/><\/a><\/td>\n<\/tr>\n<\/tbody>\n<\/table>\n<p>Te\u00f3filo Cirilus i Caterina<\/p>\n<\/div>\n<div align=\"center\">\n<table border=\"1\" width=\"10\" cellspacing=\"0\" cellpadding=\"0\">\n<tbody>\n<tr>\n<td><a href=\"https:\/\/www.astrogarrotxa.cat\/?A=292128708#\"><img loading=\"lazy\" decoding=\"async\" class=\"aligncenter\" src=\"https:\/\/www.astrogarrotxa.cat\/Dades\/Imatges\/Entorn\/Cassinig.jpg\" alt=\"Cassini crater lluna\" width=\"427\" height=\"216\" border=\"0\" \/><\/a><\/td>\n<\/tr>\n<\/tbody>\n<\/table>\n<p>Cassini crater lluna<\/p>\n<\/div>\n<div align=\"center\">\n<table border=\"1\" width=\"10\" cellspacing=\"0\" cellpadding=\"0\">\n<tbody>\n<tr>\n<td><a href=\"https:\/\/www.astrogarrotxa.cat\/?A=292128708#\"><img loading=\"lazy\" decoding=\"async\" class=\"aligncenter\" src=\"https:\/\/www.astrogarrotxa.cat\/Dades\/Imatges\/Entorn\/Tolomeusg.jpg\" alt=\" Tolomeus Alfonsus i Arzachel\" width=\"422\" height=\"220\" border=\"0\" \/><\/a><\/td>\n<\/tr>\n<\/tbody>\n<\/table>\n<p>Tolomeus Alfonsus i Arzachel<\/p>\n<\/div>\n<div align=\"center\">\n<table border=\"1\" width=\"10\" cellspacing=\"0\" cellpadding=\"0\">\n<tbody>\n<tr>\n<td><a href=\"https:\/\/www.astrogarrotxa.cat\/?A=292128708#\"><img loading=\"lazy\" decoding=\"async\" class=\"aligncenter\" src=\"https:\/\/www.astrogarrotxa.cat\/Dades\/Imatges\/Entorn\/Arzachelg.jpg\" alt=\"Wualter i Deslandres\" width=\"477\" height=\"239\" border=\"0\" \/><\/a><\/td>\n<\/tr>\n<\/tbody>\n<\/table>\n<p>Wualter i Deslandres<\/p>\n<\/div>\n<div align=\"center\">\n<table border=\"1\" width=\"10\" cellspacing=\"0\" cellpadding=\"0\">\n<tbody>\n<tr>\n<td><a href=\"https:\/\/www.astrogarrotxa.cat\/?A=292128708#\"><img loading=\"lazy\" decoding=\"async\" class=\"\" src=\"https:\/\/www.astrogarrotxa.cat\/Dades\/Imatges\/Entorn\/Platog.jpg\" alt=\"Plato i Montes Jura\" width=\"576\" height=\"435\" border=\"0\" \/><\/a><\/td>\n<\/tr>\n<\/tbody>\n<\/table>\n<p>Plato i Montes Jura<\/p>\n<\/div>\n<div align=\"center\">\n<table border=\"1\" width=\"10\" cellspacing=\"0\" cellpadding=\"0\">\n<tbody>\n<tr>\n<td><a href=\"https:\/\/www.astrogarrotxa.cat\/?A=292128708#\"><img loading=\"lazy\" decoding=\"async\" class=\"\" src=\"https:\/\/www.astrogarrotxa.cat\/Dades\/Imatges\/Entorn\/Lluna4g.jpg\" alt=\"Lluna 4 dia \" width=\"582\" height=\"718\" border=\"0\" \/><\/a><\/td>\n<\/tr>\n<\/tbody>\n<\/table>\n<p>Lluna 4 dia<\/p>\n<\/div>\n","protected":false},"excerpt":{"rendered":"<p>Fotografies\u00a0 realitzades per membres d&#8217;astrogarrotxa M42. Gran Nebulosa d&#8217;Ori\u00f3 M31. Gal\u00e0xia d&#8217;Andromeda M33. Gal\u00e0xia del Triangle Nebulosa del Cap de Cavall (Ori\u00f3) Cometa Macchols M1. Nebulosa del Cranc (Taure) Doble C\u00famul Perseu M37 C\u00famul Obert (Auriga) Clavius, crater lluna Copernicus, crater lluna Te\u00f3filo Cirilus i Caterina Cassini crater lluna Tolomeus Alfonsus i Arzachel Wualter i [&hellip;]<\/p>\n","protected":false},"author":2,"featured_media":0,"parent":0,"menu_order":0,"comment_status":"closed","ping_status":"closed","template":"","meta":{"footnotes":""},"class_list":["post-58","page","type-page","status-publish","hentry"],"_links":{"self":[{"href":"https:\/\/www.astrogarrotxa.cat\/index.php?rest_route=\/wp\/v2\/pages\/58"}],"collection":[{"href":"https:\/\/www.astrogarrotxa.cat\/index.php?rest_route=\/wp\/v2\/pages"}],"about":[{"href":"https:\/\/www.astrogarrotxa.cat\/index.php?rest_route=\/wp\/v2\/types\/page"}],"author":[{"embeddable":true,"href":"https:\/\/www.astrogarrotxa.cat\/index.php?rest_route=\/wp\/v2\/users\/2"}],"replies":[{"embeddable":true,"href":"https:\/\/www.astrogarrotxa.cat\/index.php?rest_route=%2Fwp%2Fv2%2Fcomments&post=58"}],"version-history":[{"count":0,"href":"https:\/\/www.astrogarrotxa.cat\/index.php?rest_route=\/wp\/v2\/pages\/58\/revisions"}],"wp:attachment":[{"href":"https:\/\/www.astrogarrotxa.cat\/index.php?rest_route=%2Fwp%2Fv2%2Fmedia&parent=58"}],"curies":[{"name":"wp","href":"https:\/\/api.w.org\/{rel}","templated":true}]}}